{"id":22626,"date":"2024-03-16T14:39:36","date_gmt":"2024-03-16T14:39:36","guid":{"rendered":"https:\/\/analiticmed.md\/?post_type=product&#038;p=22626"},"modified":"2024-06-27T17:40:42","modified_gmt":"2024-06-27T17:40:42","slug":"insamintarea-materialului-la-gardnerella-secretul-colului-uterin","status":"publish","type":"product","link":"https:\/\/analiticmed.md\/ru\/product\/insamintarea-materialului-la-gardnerella-secretul-colului-uterin\/","title":{"rendered":"\u00cens\u0103m\u00een\u021barea materialului la Gardnerella [secretul colului uterin]"},"content":{"rendered":"","protected":false},"excerpt":{"rendered":"","protected":false},"featured_media":0,"template":"","meta":[],"product_brand":[],"product_cat":[92],"product_tag":[],"class_list":{"0":"post-22626","1":"product","2":"type-product","3":"status-publish","5":"product_cat-investigatii-microbiologice","7":"first","8":"instock","9":"shipping-taxable","10":"purchasable","11":"product-type-simple"},"aioseo_notices":[],"_links":{"self":[{"href":"https:\/\/analiticmed.md\/ru\/wp-json\/wp\/v2\/product\/22626","targetHints":{"allow":["GET"]}}],"collection":[{"href":"https:\/\/analiticmed.md\/ru\/wp-json\/wp\/v2\/product"}],"about":[{"href":"https:\/\/analiticmed.md\/ru\/wp-json\/wp\/v2\/types\/product"}],"wp:attachment":[{"href":"https:\/\/analiticmed.md\/ru\/wp-json\/wp\/v2\/media?parent=22626"}],"wp:term":[{"taxonomy":"product_brand","embeddable":true,"href":"https:\/\/analiticmed.md\/ru\/wp-json\/wp\/v2\/product_brand?post=22626"},{"taxonomy":"product_cat","embeddable":true,"href":"https:\/\/analiticmed.md\/ru\/wp-json\/wp\/v2\/product_cat?post=22626"},{"taxonomy":"product_tag","embeddable":true,"href":"https:\/\/analiticmed.md\/ru\/wp-json\/wp\/v2\/product_tag?post=22626"}],"curies":[{"name":"wp","href":"https:\/\/api.w.org\/{rel}","templated":true}]}}